{"id":17,"date":"2020-11-01T18:57:37","date_gmt":"2020-11-01T17:57:37","guid":{"rendered":"https:\/\/atina-kanal.ch\/?page_id=17"},"modified":"2025-12-22T17:01:20","modified_gmt":"2025-12-22T16:01:20","slug":"ueber-uns","status":"publish","type":"page","link":"https:\/\/atina-kanal.ch\/?page_id=17","title":{"rendered":"\u00dcber uns"},"content":{"rendered":"\n<h2><strong>\u00dcber uns<\/strong><\/h2>\n<h2>\n\t\tWir sind die Atina Kanal GmbH, ein Schweizer Familienunternehmen f\u00fcr Kanal und Rohrreinigung mit \u00fcber 30 Jahren Erfahrung. In Dottikon zuhause, f\u00fchren wir den Betrieb als eingespieltes Team mit viel Fachwissen, Engagement und Leidenschaft f\u00fcr saubere L\u00f6sungen.\n\t<\/h2>\n<h2>\n\t\tUns verbindet die Leidenschaft f\u00fcr das Thema Wasser. Warum ist die Wand im Bad nass? Ist ein Ventil verstopft oder das Gef\u00e4lle zu gering? Mit detektivischem Sp\u00fcrsinn gehen wir der Ursache auf den Grund und beheben das Problem gezielt. Schnell, unkompliziert und flexibel reagieren wir auf Ihre Anfrage, denn Ihre Zufriedenheit steht f\u00fcr uns an erster Stelle.\n\t<\/h2>\n\t<h1>TEAM<\/h1>\n\t\t\t\t<img decoding=\"async\" loading=\"lazy\" src=\"https:\/\/atina-kanal.ch\/wp-content\/uploads\/2021\/01\/marcel-kleiner-scaled.jpg\" alt=\"marcel kleiner\" itemprop=\"image\" height=\"2560\" width=\"2049\" title=\"marcel kleiner\" onerror=\"this.style.display='none'\">\n<h3>\n\t\tMarcel L\u00fcthi\n\t<\/h3>\n\t<p>Inhaber und Facharbeiter Kanalreinigung<\/p>\n<p>&nbsp;<\/p>\n\t\t\t\t<img decoding=\"async\" loading=\"lazy\" src=\"https:\/\/atina-kanal.ch\/wp-content\/uploads\/2021\/01\/035A6230-scaled.jpg\" alt=\"035A6230\" itemprop=\"image\" height=\"2560\" width=\"2048\" title=\"035A6230\" onerror=\"this.style.display='none'\">\n<h3>\n\t\tAnita L\u00fcthi\n\t<\/h3>\n\t<p>Buchhaltung\/Administration<\/p>\n\t\t\t\t<img decoding=\"async\" loading=\"lazy\" src=\"https:\/\/atina-kanal.ch\/wp-content\/uploads\/2021\/10\/klein-website-scaled.jpg\" alt=\"klein website\" itemprop=\"image\" height=\"2560\" width=\"1707\" title=\"klein website\" onerror=\"this.style.display='none'\">\n<h3>\n\t\tPrisco L\u00fcthi\n\t<\/h3>\n\t<p>Facharbeiter Kanalreinigung<\/p>\n\t\t\t\t<img decoding=\"async\" loading=\"lazy\" src=\"https:\/\/atina-kanal.ch\/wp-content\/uploads\/2025\/12\/test2.png\" alt=\"test2\" itemprop=\"image\" height=\"907\" width=\"601\" title=\"test2\" onerror=\"this.style.display='none'\">\n<h3>\n\t\tPascal L\u00fcthi\n\t<\/h3>\n\t<p>Facharbeiter Kanalreinigung<\/p>\n","protected":false},"excerpt":{"rendered":"<p>\u00dcber uns Wir sind die Atina Kanal GmbH, ein Schweizer Familienunternehmen f\u00fcr Kanal und Rohrreinigung mit&#8230;<\/p>\n","protected":false},"author":1,"featured_media":0,"parent":0,"menu_order":0,"comment_status":"closed","ping_status":"closed","template":"","meta":[],"_links":{"self":[{"href":"https:\/\/atina-kanal.ch\/index.php?rest_route=\/wp\/v2\/pages\/17"}],"collection":[{"href":"https:\/\/atina-kanal.ch\/index.php?rest_route=\/wp\/v2\/pages"}],"about":[{"href":"https:\/\/atina-kanal.ch\/index.php?rest_route=\/wp\/v2\/types\/page"}],"author":[{"embeddable":true,"href":"https:\/\/atina-kanal.ch\/index.php?rest_route=\/wp\/v2\/users\/1"}],"replies":[{"embeddable":true,"href":"https:\/\/atina-kanal.ch\/index.php?rest_route=%2Fwp%2Fv2%2Fcomments&post=17"}],"version-history":[{"count":60,"href":"https:\/\/atina-kanal.ch\/index.php?rest_route=\/wp\/v2\/pages\/17\/revisions"}],"predecessor-version":[{"id":431,"href":"https:\/\/atina-kanal.ch\/index.php?rest_route=\/wp\/v2\/pages\/17\/revisions\/431"}],"wp:attachment":[{"href":"https:\/\/atina-kanal.ch\/index.php?rest_route=%2Fwp%2Fv2%2Fmedia&parent=17"}],"curies":[{"name":"wp","href":"https:\/\/api.w.org\/{rel}","templated":true}]}}